
{"id":168,"date":"2026-03-05T09:16:47","date_gmt":"2026-03-05T09:16:47","guid":{"rendered":"https:\/\/website.gozem.co\/new-corporate\/?page_id=168"},"modified":"2026-03-10T09:24:40","modified_gmt":"2026-03-10T09:24:40","slug":"voiture","status":"publish","type":"page","link":"https:\/\/website.gozem.co\/corporate\/fr\/voiture\/","title":{"rendered":"TAXI \u00b7 VOITURE AVEC CHAUFFEUR"},"content":{"rendered":"\n<h2 class=\"wp-block-heading\">Voyagez confortablement avec votre chauffeur Gozem<\/h2>\n","protected":false},"excerpt":{"rendered":"<p>Voyagez confortablement avec votre chauffeur Gozem<\/p>\n","protected":false},"author":5,"featured_media":703,"parent":0,"menu_order":0,"comment_status":"closed","ping_status":"closed","template":"page-template\/service.php","meta":{"_acf_changed":false,"footnotes":"","_links_to":"","_links_to_target":""},"class_list":["post-168","page","type-page","status-publish","has-post-thumbnail","hentry"],"acf":{"service_variants":true,"service_variants_source":{"label":"Service Variants","type":"true_false","formatted_value":true},"bouton_principal_label":"T\u00e9l\u00e9charger l'application","bouton_principal_label_source":{"label":"Bouton principal label","type":"text","formatted_value":"T\u00e9l\u00e9charger l'application"},"bouton_secondary_label":"Comment \u00e7a marche ?","bouton_secondary_label_source":{"label":"Bouton secondary label","type":"text","formatted_value":"Comment \u00e7a marche ?"},"service_logo":{"ID":748,"id":748,"title":"Service icon (2)","filename":"Service-icon-2.png","filesize":"11216","url":"https:\/\/website.gozem.co\/corporate\/wp-content\/uploads\/sites\/16\/2025\/08\/Service-icon-2.png","link":"https:\/\/website.gozem.co\/corporate\/en\/zem\/service-icon-2\/","alt":"","author":"5","description":"","caption":"","name":"service-icon-2","status":"inherit","uploaded_to":1012,"date":"2025-08-29 01:16:17","modified":"2026-03-05 08:30:00","menu_order":0,"mime_type":"image\/png","type":"image","subtype":"png","icon":"https:\/\/website.gozem.co\/corporate\/wp-includes\/images\/media\/default.png","width":490,"height":162,"sizes":{"thumbnail":"https:\/\/website.gozem.co\/corporate\/wp-content\/uploads\/sites\/16\/2025\/08\/Service-icon-2-150x150.png","thumbnail-width":150,"thumbnail-height":150,"medium":"https:\/\/website.gozem.co\/corporate\/wp-content\/uploads\/sites\/16\/2025\/08\/Service-icon-2-300x99.png","medium-width":300,"medium-height":99,"medium_large":"https:\/\/website.gozem.co\/corporate\/wp-content\/uploads\/sites\/16\/2025\/08\/Service-icon-2.png","medium_large-width":490,"medium_large-height":162,"large":"https:\/\/website.gozem.co\/corporate\/wp-content\/uploads\/sites\/16\/2025\/08\/Service-icon-2.png","large-width":490,"large-height":162,"1536x1536":"https:\/\/website.gozem.co\/corporate\/wp-content\/uploads\/sites\/16\/2025\/08\/Service-icon-2.png","1536x1536-width":490,"1536x1536-height":162,"2048x2048":"https:\/\/website.gozem.co\/corporate\/wp-content\/uploads\/sites\/16\/2025\/08\/Service-icon-2.png","2048x2048-width":490,"2048x2048-height":162}},"service_logo_source":{"label":"Service Logo","type":"image","formatted_value":{"ID":748,"id":748,"title":"Service icon (2)","filename":"Service-icon-2.png","filesize":"11216","url":"https:\/\/website.gozem.co\/corporate\/wp-content\/uploads\/sites\/16\/2025\/08\/Service-icon-2.png","link":"https:\/\/website.gozem.co\/corporate\/en\/zem\/service-icon-2\/","alt":"","author":"5","description":"","caption":"","name":"service-icon-2","status":"inherit","uploaded_to":1012,"date":"2025-08-29 01:16:17","modified":"2026-03-05 08:30:00","menu_order":0,"mime_type":"image\/png","type":"image","subtype":"png","icon":"https:\/\/website.gozem.co\/corporate\/wp-includes\/images\/media\/default.png","width":490,"height":162,"sizes":{"thumbnail":"https:\/\/website.gozem.co\/corporate\/wp-content\/uploads\/sites\/16\/2025\/08\/Service-icon-2-150x150.png","thumbnail-width":150,"thumbnail-height":150,"medium":"https:\/\/website.gozem.co\/corporate\/wp-content\/uploads\/sites\/16\/2025\/08\/Service-icon-2-300x99.png","medium-width":300,"medium-height":99,"medium_large":"https:\/\/website.gozem.co\/corporate\/wp-content\/uploads\/sites\/16\/2025\/08\/Service-icon-2.png","medium_large-width":490,"medium_large-height":162,"large":"https:\/\/website.gozem.co\/corporate\/wp-content\/uploads\/sites\/16\/2025\/08\/Service-icon-2.png","large-width":490,"large-height":162,"1536x1536":"https:\/\/website.gozem.co\/corporate\/wp-content\/uploads\/sites\/16\/2025\/08\/Service-icon-2.png","1536x1536-width":490,"1536x1536-height":162,"2048x2048":"https:\/\/website.gozem.co\/corporate\/wp-content\/uploads\/sites\/16\/2025\/08\/Service-icon-2.png","2048x2048-width":490,"2048x2048-height":162}}},"services_benefits_section":14508,"services_benefits_section_source":{"label":"Services Benefits Section","type":"taxonomy","formatted_value":14508},"how_services_works":15830,"how_services_works_source":{"label":"How Services Works","type":"taxonomy","formatted_value":15830},"become_partner_section":{"feature_image":{"ID":954,"id":954,"title":"bg-voiture_partners-section","filename":"bg-voiture_partners-section.jpg","filesize":"1047355","url":"https:\/\/website.gozem.co\/corporate\/wp-content\/uploads\/sites\/16\/2025\/08\/bg-voiture_partners-section.jpg","link":"https:\/\/website.gozem.co\/corporate\/fr\/voiture\/bg-voiture_partners-section\/","alt":"","author":"5","description":"","caption":"","name":"bg-voiture_partners-section","status":"inherit","uploaded_to":168,"date":"2025-08-29 02:02:53","modified":"2026-02-25 12:11:59","menu_order":0,"mime_type":"image\/jpeg","type":"image","subtype":"jpeg","icon":"https:\/\/website.gozem.co\/corporate\/wp-includes\/images\/media\/default.png","width":1500,"height":999,"sizes":{"thumbnail":"https:\/\/website.gozem.co\/corporate\/wp-content\/uploads\/sites\/16\/2025\/08\/bg-voiture_partners-section-150x150.jpg","thumbnail-width":150,"thumbnail-height":150,"medium":"https:\/\/website.gozem.co\/corporate\/wp-content\/uploads\/sites\/16\/2025\/08\/bg-voiture_partners-section-300x200.jpg","medium-width":300,"medium-height":200,"medium_large":"https:\/\/website.gozem.co\/corporate\/wp-content\/uploads\/sites\/16\/2025\/08\/bg-voiture_partners-section-768x511.jpg","medium_large-width":640,"medium_large-height":426,"large":"https:\/\/website.gozem.co\/corporate\/wp-content\/uploads\/sites\/16\/2025\/08\/bg-voiture_partners-section-1024x682.jpg","large-width":640,"large-height":426,"1536x1536":"https:\/\/website.gozem.co\/corporate\/wp-content\/uploads\/sites\/16\/2025\/08\/bg-voiture_partners-section.jpg","1536x1536-width":1500,"1536x1536-height":999,"2048x2048":"https:\/\/website.gozem.co\/corporate\/wp-content\/uploads\/sites\/16\/2025\/08\/bg-voiture_partners-section.jpg","2048x2048-width":1500,"2048x2048-height":999}},"partner_type":14518,"linked_page":""},"become_partner_section_source":{"label":"Become Partner Section","type":"group","formatted_value":{"feature_image":{"ID":954,"id":954,"title":"bg-voiture_partners-section","filename":"bg-voiture_partners-section.jpg","filesize":"1047355","url":"https:\/\/website.gozem.co\/corporate\/wp-content\/uploads\/sites\/16\/2025\/08\/bg-voiture_partners-section.jpg","link":"https:\/\/website.gozem.co\/corporate\/fr\/voiture\/bg-voiture_partners-section\/","alt":"","author":"5","description":"","caption":"","name":"bg-voiture_partners-section","status":"inherit","uploaded_to":168,"date":"2025-08-29 02:02:53","modified":"2026-02-25 12:11:59","menu_order":0,"mime_type":"image\/jpeg","type":"image","subtype":"jpeg","icon":"https:\/\/website.gozem.co\/corporate\/wp-includes\/images\/media\/default.png","width":1500,"height":999,"sizes":{"thumbnail":"https:\/\/website.gozem.co\/corporate\/wp-content\/uploads\/sites\/16\/2025\/08\/bg-voiture_partners-section-150x150.jpg","thumbnail-width":150,"thumbnail-height":150,"medium":"https:\/\/website.gozem.co\/corporate\/wp-content\/uploads\/sites\/16\/2025\/08\/bg-voiture_partners-section-300x200.jpg","medium-width":300,"medium-height":200,"medium_large":"https:\/\/website.gozem.co\/corporate\/wp-content\/uploads\/sites\/16\/2025\/08\/bg-voiture_partners-section-768x511.jpg","medium_large-width":640,"medium_large-height":426,"large":"https:\/\/website.gozem.co\/corporate\/wp-content\/uploads\/sites\/16\/2025\/08\/bg-voiture_partners-section-1024x682.jpg","large-width":640,"large-height":426,"1536x1536":"https:\/\/website.gozem.co\/corporate\/wp-content\/uploads\/sites\/16\/2025\/08\/bg-voiture_partners-section.jpg","1536x1536-width":1500,"1536x1536-height":999,"2048x2048":"https:\/\/website.gozem.co\/corporate\/wp-content\/uploads\/sites\/16\/2025\/08\/bg-voiture_partners-section.jpg","2048x2048-width":1500,"2048x2048-height":999}},"partner_type":14518,"linked_page":""}},"application_type":"driver-app","application_type_source":{"label":"Application Type","type":"select","formatted_value":"driver-app"}},"_links":{"self":[{"href":"https:\/\/website.gozem.co\/corporate\/wp-json\/wp\/v2\/pages\/168","targetHints":{"allow":["GET"]}}],"collection":[{"href":"https:\/\/website.gozem.co\/corporate\/wp-json\/wp\/v2\/pages"}],"about":[{"href":"https:\/\/website.gozem.co\/corporate\/wp-json\/wp\/v2\/types\/page"}],"author":[{"embeddable":true,"href":"https:\/\/website.gozem.co\/corporate\/wp-json\/wp\/v2\/users\/5"}],"replies":[{"embeddable":true,"href":"https:\/\/website.gozem.co\/corporate\/wp-json\/wp\/v2\/comments?post=168"}],"version-history":[{"count":14,"href":"https:\/\/website.gozem.co\/corporate\/wp-json\/wp\/v2\/pages\/168\/revisions"}],"predecessor-version":[{"id":3376,"href":"https:\/\/website.gozem.co\/corporate\/wp-json\/wp\/v2\/pages\/168\/revisions\/3376"}],"acf:term":[{"embeddable":true,"taxonomy":"how_it_works_category","href":"https:\/\/website.gozem.co\/corporate\/wp-json\/wp\/v2\/how_it_works_category\/15830"},{"embeddable":true,"taxonomy":"services_benefits_category","href":"https:\/\/website.gozem.co\/corporate\/wp-json\/wp\/v2\/services_benefits_category\/14508"}],"wp:featuredmedia":[{"embeddable":true,"href":"https:\/\/website.gozem.co\/corporate\/wp-json\/wp\/v2\/media\/703"}],"wp:attachment":[{"href":"https:\/\/website.gozem.co\/corporate\/wp-json\/wp\/v2\/media?parent=168"}],"curies":[{"name":"wp","href":"https:\/\/api.w.org\/{rel}","templated":true}]}}